{"id":942,"date":"2017-03-21T11:07:39","date_gmt":"2017-03-21T11:07:39","guid":{"rendered":"https:\/\/www.davemoss.com\/?page_id=942"},"modified":"2022-10-04T16:22:59","modified_gmt":"2022-10-04T15:22:59","slug":"contact","status":"publish","type":"page","link":"https:\/\/www.davemoss.com\/es\/contact","title":{"rendered":"Cont\u00e1ctenos"},"content":{"rendered":"<section class=\"fw-main-row\" style=\"\">\n\t<div class=\"fw-container-fluid\">\n\t\t<div class=\"fw-row\">\n\t\t\t\t<div class=\"decor-col fw-col-xs-12\">\n\t\t\t<div class=\"decor-col-wrap\" style=\"background-color:#ffffff;padding-top:30px;padding-bottom:30px;\">\n\t\t\t\t<div class=\"base tac uppercase\"  style=''>\n\t\t<h3>Estar en contacto<\/h3>\n\t<\/div><div class=\"\" style=\"margin-left:15px;margin-right:15px;margin-top:50px;\">\n\t<h4 style=\"text-align: center; font-weight: 300; line-height: 1.5;\">Para una fotograf\u00eda profesional sin igual y para discutir su proyecto con m\u00e1s detalle, en primer lugar, llame por tel\u00e9fono<\/h4><h5 style=\"text-align: center; font-weight: 500;\">Tel\u00e9fono <a href=\"tel:07977516933\"><span style=\"color: #808080;\">07977 516 933<\/span><\/a><\/h5><h5 style=\"text-align: center; font-weight: 500;\">Email <a href=\"mailto:pix@davemoss.com\"><span style=\"color: #808080;\">pix@davemoss.com<\/span><\/a><\/h5><\/div>\n\t\t\t<\/div>\n\t\t<\/div>\n\t<\/div>\n\n\t<\/div>\n<\/section>","protected":false},"excerpt":{"rendered":"<p>Get in touch For unsurpassed professional photography and to discuss your project in further detail, in the first instance, please telephonePhone 07977 516 933Email pix@davemoss.com<\/p>","protected":false},"author":3,"featured_media":0,"parent":0,"menu_order":6,"comment_status":"closed","ping_status":"closed","template":"template-landing.php","meta":{"_acf_changed":false,"footnotes":""},"class_list":["post-942","page","type-page","status-publish","hentry"],"acf":[],"yoast_head":"<!-- This site is optimized with the Yoast SEO plugin v27.5 - https:\/\/yoast.com\/product\/yoast-seo-wordpress\/ -->\n<title>Contact Dave Moss - Business, Wedding and Studio Photography<\/title>\n<meta name=\"description\" content=\"Always best to call Dave Moss on 07977516933 or email pix@davemoss.com with your business, wedding or any other photography needs. It&#039;s good to talk!\" \/>\n<meta name=\"robots\" content=\"index, follow, max-snippet:-1, max-image-preview:large, max-video-preview:-1\" \/>\n<link rel=\"canonical\" href=\"https:\/\/www.davemoss.com\/es\/contact\/\" \/>\n<meta property=\"og:locale\" content=\"es_ES\" \/>\n<meta property=\"og:type\" content=\"article\" \/>\n<meta property=\"og:title\" content=\"Contact Dave Moss - Business, Wedding and Studio Photography\" \/>\n<meta property=\"og:description\" content=\"Always best to call Dave Moss on 07977516933 or email pix@davemoss.com with your business, wedding or any other photography needs. It&#039;s good to talk!\" \/>\n<meta property=\"og:url\" content=\"https:\/\/www.davemoss.com\/es\/contact\/\" \/>\n<meta property=\"og:site_name\" content=\"Dave Moss Photography - Studio, Business, Commercial Photographer\" \/>\n<meta property=\"article:publisher\" content=\"https:\/\/www.facebook.com\/davemossphotography\/\" \/>\n<meta property=\"article:modified_time\" content=\"2022-10-04T15:22:59+00:00\" \/>\n<meta name=\"twitter:card\" content=\"summary_large_image\" \/>\n<meta name=\"twitter:site\" content=\"@TheDaveMoss\" \/>\n<meta name=\"twitter:label1\" content=\"Tiempo de lectura\" \/>\n\t<meta name=\"twitter:data1\" content=\"1 minuto\" \/>\n<script type=\"application\/ld+json\" class=\"yoast-schema-graph\">{\"@context\":\"https:\\\/\\\/schema.org\",\"@graph\":[{\"@type\":\"WebPage\",\"@id\":\"https:\\\/\\\/www.davemoss.com\\\/contact\",\"url\":\"https:\\\/\\\/www.davemoss.com\\\/contact\",\"name\":\"Contact Dave Moss - Business, Wedding and Studio Photography\",\"isPartOf\":{\"@id\":\"https:\\\/\\\/www.davemoss.com\\\/#website\"},\"datePublished\":\"2017-03-21T11:07:39+00:00\",\"dateModified\":\"2022-10-04T15:22:59+00:00\",\"description\":\"Always best to call Dave Moss on 07977516933 or email pix@davemoss.com with your business, wedding or any other photography needs. It's good to talk!\",\"breadcrumb\":{\"@id\":\"https:\\\/\\\/www.davemoss.com\\\/contact#breadcrumb\"},\"inLanguage\":\"es\",\"potentialAction\":[{\"@type\":\"ReadAction\",\"target\":[\"https:\\\/\\\/www.davemoss.com\\\/contact\"]}]},{\"@type\":\"BreadcrumbList\",\"@id\":\"https:\\\/\\\/www.davemoss.com\\\/contact#breadcrumb\",\"itemListElement\":[{\"@type\":\"ListItem\",\"position\":1,\"name\":\"Home\",\"item\":\"https:\\\/\\\/www.davemoss.com\\\/\"},{\"@type\":\"ListItem\",\"position\":2,\"name\":\"Contact us\"}]},{\"@type\":\"WebSite\",\"@id\":\"https:\\\/\\\/www.davemoss.com\\\/#website\",\"url\":\"https:\\\/\\\/www.davemoss.com\\\/\",\"name\":\"Dave Moss Photography - Studio, Business, Commercial Photographer\",\"description\":\"Dave Moss Photographer\",\"publisher\":{\"@id\":\"https:\\\/\\\/www.davemoss.com\\\/#organization\"},\"potentialAction\":[{\"@type\":\"SearchAction\",\"target\":{\"@type\":\"EntryPoint\",\"urlTemplate\":\"https:\\\/\\\/www.davemoss.com\\\/?s={search_term_string}\"},\"query-input\":{\"@type\":\"PropertyValueSpecification\",\"valueRequired\":true,\"valueName\":\"search_term_string\"}}],\"inLanguage\":\"es\"},{\"@type\":\"Organization\",\"@id\":\"https:\\\/\\\/www.davemoss.com\\\/#organization\",\"name\":\"DaveMossPhotography\",\"url\":\"https:\\\/\\\/www.davemoss.com\\\/\",\"logo\":{\"@type\":\"ImageObject\",\"inLanguage\":\"es\",\"@id\":\"https:\\\/\\\/www.davemoss.com\\\/#\\\/schema\\\/logo\\\/image\\\/\",\"url\":\"https:\\\/\\\/www.davemoss.com\\\/wp-content\\\/uploads\\\/mosslogo.jpg\",\"contentUrl\":\"https:\\\/\\\/www.davemoss.com\\\/wp-content\\\/uploads\\\/mosslogo.jpg\",\"width\":454,\"height\":40,\"caption\":\"DaveMossPhotography\"},\"image\":{\"@id\":\"https:\\\/\\\/www.davemoss.com\\\/#\\\/schema\\\/logo\\\/image\\\/\"},\"sameAs\":[\"https:\\\/\\\/www.facebook.com\\\/davemossphotography\\\/\",\"https:\\\/\\\/x.com\\\/TheDaveMoss\",\"https:\\\/\\\/www.instagram.com\\\/davemossphotography\\\/\",\"https:\\\/\\\/www.linkedin.com\\\/in\\\/davemoss\\\/\"]}]}<\/script>\n<!-- \/ Yoast SEO plugin. -->","yoast_head_json":{"title":"Contact Dave Moss - Business, Wedding and Studio Photography","description":"Always best to call Dave Moss on 07977516933 or email pix@davemoss.com with your business, wedding or any other photography needs. It's good to talk!","robots":{"index":"index","follow":"follow","max-snippet":"max-snippet:-1","max-image-preview":"max-image-preview:large","max-video-preview":"max-video-preview:-1"},"canonical":"https:\/\/www.davemoss.com\/es\/contact\/","og_locale":"es_ES","og_type":"article","og_title":"Contact Dave Moss - Business, Wedding and Studio Photography","og_description":"Always best to call Dave Moss on 07977516933 or email pix@davemoss.com with your business, wedding or any other photography needs. It's good to talk!","og_url":"https:\/\/www.davemoss.com\/es\/contact\/","og_site_name":"Dave Moss Photography - Studio, Business, Commercial Photographer","article_publisher":"https:\/\/www.facebook.com\/davemossphotography\/","article_modified_time":"2022-10-04T15:22:59+00:00","twitter_card":"summary_large_image","twitter_site":"@TheDaveMoss","twitter_misc":{"Tiempo de lectura":"1 minuto"},"schema":{"@context":"https:\/\/schema.org","@graph":[{"@type":"WebPage","@id":"https:\/\/www.davemoss.com\/contact","url":"https:\/\/www.davemoss.com\/contact","name":"Contact Dave Moss - Business, Wedding and Studio Photography","isPartOf":{"@id":"https:\/\/www.davemoss.com\/#website"},"datePublished":"2017-03-21T11:07:39+00:00","dateModified":"2022-10-04T15:22:59+00:00","description":"Always best to call Dave Moss on 07977516933 or email pix@davemoss.com with your business, wedding or any other photography needs. It's good to talk!","breadcrumb":{"@id":"https:\/\/www.davemoss.com\/contact#breadcrumb"},"inLanguage":"es","potentialAction":[{"@type":"ReadAction","target":["https:\/\/www.davemoss.com\/contact"]}]},{"@type":"BreadcrumbList","@id":"https:\/\/www.davemoss.com\/contact#breadcrumb","itemListElement":[{"@type":"ListItem","position":1,"name":"Home","item":"https:\/\/www.davemoss.com\/"},{"@type":"ListItem","position":2,"name":"Contact us"}]},{"@type":"WebSite","@id":"https:\/\/www.davemoss.com\/#website","url":"https:\/\/www.davemoss.com\/","name":"Dave Moss Photography - Studio, Business, Commercial Photographer","description":"Dave Moss Fot\u00f3grafo","publisher":{"@id":"https:\/\/www.davemoss.com\/#organization"},"potentialAction":[{"@type":"SearchAction","target":{"@type":"EntryPoint","urlTemplate":"https:\/\/www.davemoss.com\/?s={search_term_string}"},"query-input":{"@type":"PropertyValueSpecification","valueRequired":true,"valueName":"search_term_string"}}],"inLanguage":"es"},{"@type":"Organization","@id":"https:\/\/www.davemoss.com\/#organization","name":"DaveMossPhotography","url":"https:\/\/www.davemoss.com\/","logo":{"@type":"ImageObject","inLanguage":"es","@id":"https:\/\/www.davemoss.com\/#\/schema\/logo\/image\/","url":"https:\/\/www.davemoss.com\/wp-content\/uploads\/mosslogo.jpg","contentUrl":"https:\/\/www.davemoss.com\/wp-content\/uploads\/mosslogo.jpg","width":454,"height":40,"caption":"DaveMossPhotography"},"image":{"@id":"https:\/\/www.davemoss.com\/#\/schema\/logo\/image\/"},"sameAs":["https:\/\/www.facebook.com\/davemossphotography\/","https:\/\/x.com\/TheDaveMoss","https:\/\/www.instagram.com\/davemossphotography\/","https:\/\/www.linkedin.com\/in\/davemoss\/"]}]}},"_links":{"self":[{"href":"https:\/\/www.davemoss.com\/es\/wp-json\/wp\/v2\/pages\/942","targetHints":{"allow":["GET"]}}],"collection":[{"href":"https:\/\/www.davemoss.com\/es\/wp-json\/wp\/v2\/pages"}],"about":[{"href":"https:\/\/www.davemoss.com\/es\/wp-json\/wp\/v2\/types\/page"}],"author":[{"embeddable":true,"href":"https:\/\/www.davemoss.com\/es\/wp-json\/wp\/v2\/users\/3"}],"replies":[{"embeddable":true,"href":"https:\/\/www.davemoss.com\/es\/wp-json\/wp\/v2\/comments?post=942"}],"version-history":[{"count":89,"href":"https:\/\/www.davemoss.com\/es\/wp-json\/wp\/v2\/pages\/942\/revisions"}],"predecessor-version":[{"id":2045,"href":"https:\/\/www.davemoss.com\/es\/wp-json\/wp\/v2\/pages\/942\/revisions\/2045"}],"wp:attachment":[{"href":"https:\/\/www.davemoss.com\/es\/wp-json\/wp\/v2\/media?parent=942"}],"curies":[{"name":"wp","href":"https:\/\/api.w.org\/{rel}","templated":true}]}}